{"id":26,"date":"2019-11-27T11:35:43","date_gmt":"2019-11-27T10:35:43","guid":{"rendered":"https:\/\/copy.pelerinage-lourdes.bmp-services.ch\/?page_id=26"},"modified":"2026-01-26T13:51:15","modified_gmt":"2026-01-26T12:51:15","slug":"frueling-interdioezesane-wallfahrt-der-westschweiz","status":"publish","type":"page","link":"https:\/\/copy.pelerinage-lourdes.bmp-services.ch\/de\/","title":{"rendered":"FR\u00dcHJAHRES WALLFARHT DER FRANZ\u00d6SISCHSPRACHIGEN SCHWEIZ ZU UNSERER LIEBEN FRAU VON LOURDES"},"content":{"rendered":"\n<div style=\"height:20px\" aria-hidden=\"true\" class=\"wp-block-spacer\"><\/div>\n\n\n\n<div style=\"height:50px\" aria-hidden=\"true\" class=\"wp-block-spacer\"><\/div>\n\n\n<div class=\"wp-block-image is-style-default no-shadow\">\n<figure class=\"aligncenter size-full is-resized\"><img loading=\"lazy\" decoding=\"async\" width=\"768\" height=\"401\" src=\"https:\/\/copy.pelerinage-lourdes.bmp-services.ch\/wp-content\/uploads\/2025\/12\/logo_lourdes_2026.png\" alt=\"Logo Lourdes 2026\" class=\"wp-image-6373\" style=\"width:714px;height:auto\" srcset=\"https:\/\/copy.pelerinage-lourdes.bmp-services.ch\/wp-content\/uploads\/2025\/12\/logo_lourdes_2026.png 768w, https:\/\/copy.pelerinage-lourdes.bmp-services.ch\/wp-content\/uploads\/2025\/12\/logo_lourdes_2026-300x157.png 300w\" sizes=\"auto, (max-width: 768px) 100vw, 768px\" \/><\/figure>\n<\/div>\n\n\n<p class=\"has-text-align-center\"><strong>THEMA 2026:<\/strong><br>\u201dGEGR\u00dcSSET SEIST DU, MARIA, VOLL DER GNADE,<br>DER HERR IST MIT DIR.\u201d<br>(LK 1,28).<\/p>\n\n\n\n<div class=\"wp-block-columns choix-pel no-show is-layout-flex wp-container-core-columns-is-layout-9d6595d7 wp-block-columns-is-layout-flex\">\n<div class=\"wp-block-column is-layout-flow wp-block-column-is-layout-flow\">\n<div class=\"wp-block-columns is-layout-flex wp-container-core-columns-is-layout-9d6595d7 wp-block-columns-is-layout-flex\">\n<div class=\"wp-block-column is-layout-flow wp-block-column-is-layout-flow\">\n<figure class=\"wp-block-image size-full\"><a href=\"#\"><img decoding=\"async\" src=\"https:\/\/copy.pelerinage-lourdes.bmp-services.ch\/wp-content\/uploads\/2023\/11\/Icon-sanctuaire-lourdes.svg\" alt=\"\" class=\"wp-image-5225\"\/><\/a><figcaption class=\"wp-element-caption\"><strong><a href=\"#\">Traditionnelle<\/a><\/strong><\/figcaption><\/figure>\n<\/div>\n\n\n\n<div class=\"wp-block-column is-layout-flow wp-block-column-is-layout-flow\">\n<figure class=\"wp-block-image size-full\"><a href=\"#\"><img decoding=\"async\" src=\"https:\/\/copy.pelerinage-lourdes.bmp-services.ch\/wp-content\/uploads\/2023\/11\/Icon-moto.svg\" alt=\"\" class=\"wp-image-5217\"\/><\/a><figcaption class=\"wp-element-caption\"><strong><a href=\"#\">\u00c0 Moto<\/a><\/strong><\/figcaption><\/figure>\n<\/div>\n<\/div>\n<\/div>\n\n\n\n<div class=\"wp-block-column is-layout-flow wp-block-column-is-layout-flow\">\n<div class=\"wp-block-columns is-layout-flex wp-container-core-columns-is-layout-9d6595d7 wp-block-columns-is-layout-flex\">\n<div class=\"wp-block-column is-layout-flow wp-block-column-is-layout-flow\">\n<figure class=\"wp-block-image size-full\"><a href=\"#\"><img decoding=\"async\" src=\"https:\/\/copy.pelerinage-lourdes.bmp-services.ch\/wp-content\/uploads\/2023\/11\/Icon-velo.svg\" alt=\"\" class=\"wp-image-5219\"\/><\/a><figcaption class=\"wp-element-caption\"><strong><a href=\"#\">\u00c0 V\u00e9lo<\/a><\/strong><\/figcaption><\/figure>\n<\/div>\n\n\n\n<div class=\"wp-block-column is-layout-flow wp-block-column-is-layout-flow\">\n<figure class=\"wp-block-image size-full\"><a href=\"#\"><img decoding=\"async\" src=\"https:\/\/copy.pelerinage-lourdes.bmp-services.ch\/wp-content\/uploads\/2021\/06\/pelerinage_lourdes.svg\" alt=\"pelerinage_lourdes\" class=\"wp-image-2638\"\/><\/a><figcaption class=\"wp-element-caption\"><strong><a href=\"#\">\u00c0 Pied<\/a><\/strong><\/figcaption><\/figure>\n<\/div>\n<\/div>\n<\/div>\n<\/div>\n\n\n\n<div class=\"wp-block-columns choix-pel no-show is-layout-flex wp-container-core-columns-is-layout-9d6595d7 wp-block-columns-is-layout-flex\">\n<div class=\"wp-block-column is-layout-flow wp-block-column-is-layout-flow\">\n<div class=\"wp-block-columns is-layout-flex wp-container-core-columns-is-layout-9d6595d7 wp-block-columns-is-layout-flex\">\n<div class=\"wp-block-column is-layout-flow wp-block-column-is-layout-flow\">\n<figure class=\"wp-block-image size-full\"><a href=\"https:\/\/copy.pelerinage-lourdes.bmp-services.ch\/de\/2024_aufnahme\/\"><img decoding=\"async\" src=\"https:\/\/copy.pelerinage-lourdes.bmp-services.ch\/wp-content\/uploads\/2023\/11\/Icon-sanctuaire-lourdes.svg\" alt=\"\" class=\"wp-image-5225\"\/><\/a><figcaption class=\"wp-element-caption\"><strong><a href=\"https:\/\/copy.pelerinage-lourdes.bmp-services.ch\/2024_inscription\/\">Traditionnelle<\/a><\/strong><\/figcaption><\/figure>\n<\/div>\n\n\n\n<div class=\"wp-block-column is-layout-flow wp-block-column-is-layout-flow\">\n<figure class=\"wp-block-image size-full\"><a href=\"\/de\/?page_id=5189\"><img decoding=\"async\" src=\"https:\/\/copy.pelerinage-lourdes.bmp-services.ch\/wp-content\/uploads\/2023\/11\/Icon-moto.svg\" alt=\"\" class=\"wp-image-5217\"\/><\/a><figcaption class=\"wp-element-caption\"><strong><a href=\"\/de\/?page_id=5189\">\u00c0 Moto<\/a><\/strong><\/figcaption><\/figure>\n<\/div>\n<\/div>\n<\/div>\n\n\n\n<div class=\"wp-block-column is-layout-flow wp-block-column-is-layout-flow\">\n<div class=\"wp-block-columns is-layout-flex wp-container-core-columns-is-layout-9d6595d7 wp-block-columns-is-layout-flex\">\n<div class=\"wp-block-column is-layout-flow wp-block-column-is-layout-flow\">\n<figure class=\"wp-block-image size-full\"><a href=\"https:\/\/copy.pelerinage-lourdes.bmp-services.ch\/formulaire-dinscription-pour-pelerins-a-velo\/\"><img decoding=\"async\" src=\"https:\/\/copy.pelerinage-lourdes.bmp-services.ch\/wp-content\/uploads\/2023\/11\/Icon-velo.svg\" alt=\"\" class=\"wp-image-5219\"\/><\/a><figcaption class=\"wp-element-caption\"><strong><a href=\"#\">\u00c0 V<\/a><a href=\"https:\/\/copy.pelerinage-lourdes.bmp-services.ch\/formulaire-dinscription-pour-pelerins-a-velo\/\">\u00e9lo<\/a><\/strong><\/figcaption><\/figure>\n<\/div>\n\n\n\n<div class=\"wp-block-column is-layout-flow wp-block-column-is-layout-flow\">\n<figure class=\"wp-block-image size-full\"><a href=\"https:\/\/copy.pelerinage-lourdes.bmp-services.ch\/formulaire-dinscription-pour-pelerins-a-pied\/\"><img decoding=\"async\" src=\"https:\/\/copy.pelerinage-lourdes.bmp-services.ch\/wp-content\/uploads\/2021\/06\/pelerinage_lourdes.svg\" alt=\"pelerinage_lourdes\" class=\"wp-image-2638\"\/><\/a><figcaption class=\"wp-element-caption\"><strong><a href=\"https:\/\/copy.pelerinage-lourdes.bmp-services.ch\/formulaire-dinscription-pour-pelerins-a-pied\/\">\u00c0 Pied<\/a><\/strong><\/figcaption><\/figure>\n<\/div>\n<\/div>\n<\/div>\n<\/div>\n","protected":false},"excerpt":{"rendered":"<p>THEMA 2026:\u201dGEGR\u00dcSSET SEIST DU, MARIA, VOLL DER GNADE,DER HERR IST MIT DIR.\u201d(LK 1,28).<\/p>\n","protected":false},"author":1,"featured_media":0,"parent":0,"menu_order":0,"comment_status":"closed","ping_status":"closed","template":"front-page.php","meta":{"_acf_changed":false,"_monsterinsights_skip_tracking":false,"_monsterinsights_sitenote_active":false,"_monsterinsights_sitenote_note":"","_monsterinsights_sitenote_category":0,"footnotes":""},"class_list":["post-26","page","type-page","status-publish","hentry"],"acf":[],"yoast_head":"<!-- This site is optimized with the Yoast SEO plugin v27.4 - https:\/\/yoast.com\/product\/yoast-seo-wordpress\/ -->\n<title>FR\u00dcHJAHRES WALLFARHT DER FRANZ\u00d6SISCHSPRACHIGEN SCHWEIZ ZU UNSERER LIEBEN FRAU VON LOURDES -<\/title>\n<meta name=\"description\" content=\"Vom 24. bis 30. Mai 2020 findet in diesem Jahr von der Westschweiz in die Notre-Dame de Lourdes eine j\u00e4hrliche interdioz\u00f6se Fr\u00fchlingspilgerfahrt statt.\" \/>\n<meta name=\"robots\" content=\"index, follow, max-snippet:-1, max-image-preview:large, max-video-preview:-1\" \/>\n<link rel=\"canonical\" href=\"https:\/\/copy.pelerinage-lourdes.bmp-services.ch\/de\/\" \/>\n<meta property=\"og:locale\" content=\"de_DE\" \/>\n<meta property=\"og:type\" content=\"article\" \/>\n<meta property=\"og:title\" content=\"FR\u00dcHJAHRES WALLFARHT DER FRANZ\u00d6SISCHSPRACHIGEN SCHWEIZ ZU UNSERER LIEBEN FRAU VON LOURDES -\" \/>\n<meta property=\"og:description\" content=\"Vom 24. bis 30. Mai 2020 findet in diesem Jahr von der Westschweiz in die Notre-Dame de Lourdes eine j\u00e4hrliche interdioz\u00f6se Fr\u00fchlingspilgerfahrt statt.\" \/>\n<meta property=\"og:url\" content=\"https:\/\/copy.pelerinage-lourdes.bmp-services.ch\/de\/\" \/>\n<meta property=\"og:site_name\" content=\"Fr\u00fchling Interdi\u00f6zesane Wallfahrt der Westschweiz in Lourdes\" \/>\n<meta property=\"article:modified_time\" content=\"2026-01-26T12:51:15+00:00\" \/>\n<meta property=\"og:image\" content=\"https:\/\/copy.pelerinage-lourdes.bmp-services.ch\/wp-content\/uploads\/2025\/12\/logo_lourdes_2026.png\" \/>\n\t<meta property=\"og:image:width\" content=\"768\" \/>\n\t<meta property=\"og:image:height\" content=\"401\" \/>\n\t<meta property=\"og:image:type\" content=\"image\/png\" \/>\n<meta name=\"twitter:card\" content=\"summary_large_image\" \/>\n<meta name=\"twitter:label1\" content=\"Gesch\u00e4tzte Lesezeit\" \/>\n\t<meta name=\"twitter:data1\" content=\"5\u00a0Minuten\" \/>\n<script type=\"application\/ld+json\" class=\"yoast-schema-graph\">{\"@context\":\"https:\\\/\\\/schema.org\",\"@graph\":[{\"@type\":\"WebPage\",\"@id\":\"https:\\\/\\\/copy.pelerinage-lourdes.bmp-services.ch\\\/de\\\/\",\"url\":\"https:\\\/\\\/copy.pelerinage-lourdes.bmp-services.ch\\\/de\\\/\",\"name\":\"FR\u00dcHJAHRES WALLFARHT DER FRANZ\u00d6SISCHSPRACHIGEN SCHWEIZ ZU UNSERER LIEBEN FRAU VON LOURDES -\",\"isPartOf\":{\"@id\":\"https:\\\/\\\/copy.pelerinage-lourdes.bmp-services.ch\\\/de\\\/#website\"},\"primaryImageOfPage\":{\"@id\":\"https:\\\/\\\/copy.pelerinage-lourdes.bmp-services.ch\\\/de\\\/#primaryimage\"},\"image\":{\"@id\":\"https:\\\/\\\/copy.pelerinage-lourdes.bmp-services.ch\\\/de\\\/#primaryimage\"},\"thumbnailUrl\":\"https:\\\/\\\/copy.pelerinage-lourdes.bmp-services.ch\\\/wp-content\\\/uploads\\\/2025\\\/12\\\/logo_lourdes_2026.png\",\"datePublished\":\"2019-11-27T10:35:43+00:00\",\"dateModified\":\"2026-01-26T12:51:15+00:00\",\"description\":\"Vom 24. bis 30. Mai 2020 findet in diesem Jahr von der Westschweiz in die Notre-Dame de Lourdes eine j\u00e4hrliche interdioz\u00f6se Fr\u00fchlingspilgerfahrt statt.\",\"breadcrumb\":{\"@id\":\"https:\\\/\\\/copy.pelerinage-lourdes.bmp-services.ch\\\/de\\\/#breadcrumb\"},\"inLanguage\":\"de\",\"potentialAction\":[{\"@type\":\"ReadAction\",\"target\":[\"https:\\\/\\\/copy.pelerinage-lourdes.bmp-services.ch\\\/de\\\/\"]}]},{\"@type\":\"ImageObject\",\"inLanguage\":\"de\",\"@id\":\"https:\\\/\\\/copy.pelerinage-lourdes.bmp-services.ch\\\/de\\\/#primaryimage\",\"url\":\"https:\\\/\\\/copy.pelerinage-lourdes.bmp-services.ch\\\/wp-content\\\/uploads\\\/2025\\\/12\\\/logo_lourdes_2026.png\",\"contentUrl\":\"https:\\\/\\\/copy.pelerinage-lourdes.bmp-services.ch\\\/wp-content\\\/uploads\\\/2025\\\/12\\\/logo_lourdes_2026.png\"},{\"@type\":\"BreadcrumbList\",\"@id\":\"https:\\\/\\\/copy.pelerinage-lourdes.bmp-services.ch\\\/de\\\/#breadcrumb\",\"itemListElement\":[{\"@type\":\"ListItem\",\"position\":1,\"name\":\"Wilkommen\",\"item\":\"https:\\\/\\\/copy.pelerinage-lourdes.bmp-services.ch\\\/de\\\/\"},{\"@type\":\"ListItem\",\"position\":2,\"name\":\"FR\u00dcHJAHRES WALLFARHT DER FRANZ\u00d6SISCHSPRACHIGEN SCHWEIZ ZU UNSERER LIEBEN FRAU VON LOURDES\"}]},{\"@type\":\"WebSite\",\"@id\":\"https:\\\/\\\/copy.pelerinage-lourdes.bmp-services.ch\\\/de\\\/#website\",\"url\":\"https:\\\/\\\/copy.pelerinage-lourdes.bmp-services.ch\\\/de\\\/\",\"name\":\"Fr\u00fchling Interdi\u00f6zesane Wallfahrt der Westschweiz in Lourdes\",\"description\":\"Unsere liebe Frau von Lourdes\",\"potentialAction\":[{\"@type\":\"SearchAction\",\"target\":{\"@type\":\"EntryPoint\",\"urlTemplate\":\"https:\\\/\\\/copy.pelerinage-lourdes.bmp-services.ch\\\/de\\\/?s={search_term_string}\"},\"query-input\":{\"@type\":\"PropertyValueSpecification\",\"valueRequired\":true,\"valueName\":\"search_term_string\"}}],\"inLanguage\":\"de\"}]}<\/script>\n<!-- \/ Yoast SEO plugin. -->","yoast_head_json":{"title":"FR\u00dcHJAHRES WALLFARHT DER FRANZ\u00d6SISCHSPRACHIGEN SCHWEIZ ZU UNSERER LIEBEN FRAU VON LOURDES -","description":"Vom 24. bis 30. Mai 2020 findet in diesem Jahr von der Westschweiz in die Notre-Dame de Lourdes eine j\u00e4hrliche interdioz\u00f6se Fr\u00fchlingspilgerfahrt statt.","robots":{"index":"index","follow":"follow","max-snippet":"max-snippet:-1","max-image-preview":"max-image-preview:large","max-video-preview":"max-video-preview:-1"},"canonical":"https:\/\/copy.pelerinage-lourdes.bmp-services.ch\/de\/","og_locale":"de_DE","og_type":"article","og_title":"FR\u00dcHJAHRES WALLFARHT DER FRANZ\u00d6SISCHSPRACHIGEN SCHWEIZ ZU UNSERER LIEBEN FRAU VON LOURDES -","og_description":"Vom 24. bis 30. Mai 2020 findet in diesem Jahr von der Westschweiz in die Notre-Dame de Lourdes eine j\u00e4hrliche interdioz\u00f6se Fr\u00fchlingspilgerfahrt statt.","og_url":"https:\/\/copy.pelerinage-lourdes.bmp-services.ch\/de\/","og_site_name":"Fr\u00fchling Interdi\u00f6zesane Wallfahrt der Westschweiz in Lourdes","article_modified_time":"2026-01-26T12:51:15+00:00","og_image":[{"width":768,"height":401,"url":"https:\/\/copy.pelerinage-lourdes.bmp-services.ch\/wp-content\/uploads\/2025\/12\/logo_lourdes_2026.png","type":"image\/png"}],"twitter_card":"summary_large_image","twitter_misc":{"Gesch\u00e4tzte Lesezeit":"5\u00a0Minuten"},"schema":{"@context":"https:\/\/schema.org","@graph":[{"@type":"WebPage","@id":"https:\/\/copy.pelerinage-lourdes.bmp-services.ch\/de\/","url":"https:\/\/copy.pelerinage-lourdes.bmp-services.ch\/de\/","name":"FR\u00dcHJAHRES WALLFARHT DER FRANZ\u00d6SISCHSPRACHIGEN SCHWEIZ ZU UNSERER LIEBEN FRAU VON LOURDES -","isPartOf":{"@id":"https:\/\/copy.pelerinage-lourdes.bmp-services.ch\/de\/#website"},"primaryImageOfPage":{"@id":"https:\/\/copy.pelerinage-lourdes.bmp-services.ch\/de\/#primaryimage"},"image":{"@id":"https:\/\/copy.pelerinage-lourdes.bmp-services.ch\/de\/#primaryimage"},"thumbnailUrl":"https:\/\/copy.pelerinage-lourdes.bmp-services.ch\/wp-content\/uploads\/2025\/12\/logo_lourdes_2026.png","datePublished":"2019-11-27T10:35:43+00:00","dateModified":"2026-01-26T12:51:15+00:00","description":"Vom 24. bis 30. Mai 2020 findet in diesem Jahr von der Westschweiz in die Notre-Dame de Lourdes eine j\u00e4hrliche interdioz\u00f6se Fr\u00fchlingspilgerfahrt statt.","breadcrumb":{"@id":"https:\/\/copy.pelerinage-lourdes.bmp-services.ch\/de\/#breadcrumb"},"inLanguage":"de","potentialAction":[{"@type":"ReadAction","target":["https:\/\/copy.pelerinage-lourdes.bmp-services.ch\/de\/"]}]},{"@type":"ImageObject","inLanguage":"de","@id":"https:\/\/copy.pelerinage-lourdes.bmp-services.ch\/de\/#primaryimage","url":"https:\/\/copy.pelerinage-lourdes.bmp-services.ch\/wp-content\/uploads\/2025\/12\/logo_lourdes_2026.png","contentUrl":"https:\/\/copy.pelerinage-lourdes.bmp-services.ch\/wp-content\/uploads\/2025\/12\/logo_lourdes_2026.png"},{"@type":"BreadcrumbList","@id":"https:\/\/copy.pelerinage-lourdes.bmp-services.ch\/de\/#breadcrumb","itemListElement":[{"@type":"ListItem","position":1,"name":"Wilkommen","item":"https:\/\/copy.pelerinage-lourdes.bmp-services.ch\/de\/"},{"@type":"ListItem","position":2,"name":"FR\u00dcHJAHRES WALLFARHT DER FRANZ\u00d6SISCHSPRACHIGEN SCHWEIZ ZU UNSERER LIEBEN FRAU VON LOURDES"}]},{"@type":"WebSite","@id":"https:\/\/copy.pelerinage-lourdes.bmp-services.ch\/de\/#website","url":"https:\/\/copy.pelerinage-lourdes.bmp-services.ch\/de\/","name":"Fr\u00fchling Interdi\u00f6zesane Wallfahrt der Westschweiz in Lourdes","description":"Unsere liebe Frau von Lourdes","potentialAction":[{"@type":"SearchAction","target":{"@type":"EntryPoint","urlTemplate":"https:\/\/copy.pelerinage-lourdes.bmp-services.ch\/de\/?s={search_term_string}"},"query-input":{"@type":"PropertyValueSpecification","valueRequired":true,"valueName":"search_term_string"}}],"inLanguage":"de"}]}},"_links":{"self":[{"href":"https:\/\/copy.pelerinage-lourdes.bmp-services.ch\/de\/wp-json\/wp\/v2\/pages\/26","targetHints":{"allow":["GET"]}}],"collection":[{"href":"https:\/\/copy.pelerinage-lourdes.bmp-services.ch\/de\/wp-json\/wp\/v2\/pages"}],"about":[{"href":"https:\/\/copy.pelerinage-lourdes.bmp-services.ch\/de\/wp-json\/wp\/v2\/types\/page"}],"author":[{"embeddable":true,"href":"https:\/\/copy.pelerinage-lourdes.bmp-services.ch\/de\/wp-json\/wp\/v2\/users\/1"}],"replies":[{"embeddable":true,"href":"https:\/\/copy.pelerinage-lourdes.bmp-services.ch\/de\/wp-json\/wp\/v2\/comments?post=26"}],"version-history":[{"count":114,"href":"https:\/\/copy.pelerinage-lourdes.bmp-services.ch\/de\/wp-json\/wp\/v2\/pages\/26\/revisions"}],"predecessor-version":[{"id":6446,"href":"https:\/\/copy.pelerinage-lourdes.bmp-services.ch\/de\/wp-json\/wp\/v2\/pages\/26\/revisions\/6446"}],"wp:attachment":[{"href":"https:\/\/copy.pelerinage-lourdes.bmp-services.ch\/de\/wp-json\/wp\/v2\/media?parent=26"}],"curies":[{"name":"wp","href":"https:\/\/api.w.org\/{rel}","templated":true}]}}